{"id":4487,"date":"2024-03-08T08:10:29","date_gmt":"2024-03-08T08:10:29","guid":{"rendered":"https:\/\/ironskulls.es\/politica-de-privadesa\/"},"modified":"2024-04-29T12:36:21","modified_gmt":"2024-04-29T12:36:21","slug":"politica-de-privadesa","status":"publish","type":"page","link":"https:\/\/ironskulls.es\/ca\/politica-de-privadesa\/","title":{"rendered":"Pol\u00edtica de privadesa"},"content":{"rendered":"\t\t<div data-elementor-type=\"wp-page\" data-elementor-id=\"4487\" class=\"elementor elementor-4487 elementor-2318\" data-elementor-post-type=\"page\">\n\t\t\t\t<div class=\"elementor-element elementor-element-4866d42 e-flex e-con-boxed e-con e-parent\" data-id=\"4866d42\" data-element_type=\"container\" data-settings=\"{&quot;jet_parallax_layout_list&quot;:[],&quot;background_background&quot;:&quot;classic&quot;}\">\n\t\t\t\t\t<div class=\"e-con-inner\">\n\t\t<div class=\"elementor-element elementor-element-29956bc e-con-full e-flex e-con e-child\" data-id=\"29956bc\" data-element_type=\"container\" data-settings=\"{&quot;jet_parallax_layout_list&quot;:[]}\">\n\t\t\t\t<div class=\"elementor-element elementor-element-f8cec8c elementor-widget elementor-widget-text-editor\" data-id=\"f8cec8c\" data-element_type=\"widget\" data-widget_type=\"text-editor.default\">\n\t\t\t\t<div class=\"elementor-widget-container\">\n\t\t\t<style>\/*! elementor - v3.21.0 - 20-05-2024 *\/\n.elementor-widget-text-editor.elementor-drop-cap-view-stacked .elementor-drop-cap{background-color:#69727d;color:#fff}.elementor-widget-text-editor.elementor-drop-cap-view-framed .elementor-drop-cap{color:#69727d;border:3px solid;background-color:transparent}.elementor-widget-text-editor:not(.elementor-drop-cap-view-default) .elementor-drop-cap{margin-top:8px}.elementor-widget-text-editor:not(.elementor-drop-cap-view-default) .elementor-drop-cap-letter{width:1em;height:1em}.elementor-widget-text-editor .elementor-drop-cap{float:left;text-align:center;line-height:1;font-size:50px}.elementor-widget-text-editor .elementor-drop-cap-letter{display:inline-block}<\/style>\t\t\t\t<h2><strong>Pol\u00edtica de privadesa<\/strong><\/h2><h3><b>Protecci\u00f3 de dades de car\u00e0cter personal segons la LOPDDD<\/b><\/h3><p><span style=\"font-weight: 400;\">Iron Skulls Co, en aplicaci\u00f3 de la normativa vigent en mat\u00e8ria de protecci\u00f3 de dades de car\u00e0cter personal, informa que les dades personals que es recullen a trav\u00e9s dels formularis del Lloc web: https:\/\/ironskulls.es\/ , s&#8217;inclouen als fitxers automatitzats espec\u00edfics d&#8217;usuaris dels serveis de l&#8217;entitat Iron Skulls Co<\/span><\/p><p><span style=\"font-weight: 400;\">La recollida i el tractament automatitzat de les dades de car\u00e0cter personal t\u00e9 com a finalitat el manteniment de la relaci\u00f3 comercial i l&#8217;exercici de tasques d&#8217;informaci\u00f3, formaci\u00f3, assessorament i altres activitats pr\u00f2pies d&#8217;Iron Skulls Co.<\/span><\/p><p><span style=\"font-weight: 400;\">Aquestes dades nom\u00e9s seran cedides a aquelles entitats que siguin necess\u00e0ries amb l&#8217;\u00fanic objectiu de donar compliment a la finalitat exposada anteriorment.<\/span><\/p><p><span style=\"font-weight: 400;\">Iron Skulls Co adopta les mesures necess\u00e0ries per garantir la seguretat, integritat i confidencialitat de les dades conforme al que disposa el Reglament (UE) 2016\/679 del Parlament Europeu i del Consell, de 27 d&#8217;abril de 2016, relatiu a la protecci\u00f3 de les persones f\u00edsiques pel que fa al tractament de dades personals ia la lliure circulaci\u00f3 de les mateixes.<\/span><\/p><p><span style=\"font-weight: 400;\">L&#8217;usuari podr\u00e0 en qualsevol moment exercitar els drets d&#8217;acc\u00e9s, oposici\u00f3, rectificaci\u00f3 i cancel\u00b7laci\u00f3 reconeguts a l&#8217;esmentat Reglament (UE). L&#8217;exercici d&#8217;aquests drets el pot fer el propi usuari a trav\u00e9s de correu electr\u00f2nic a: contacte@ironskulls.es oa l&#8217;adre\u00e7a: Gran via corts catalans 534, 3\u00ba1, 08011, Barcelona<\/span><\/p><p><span style=\"font-weight: 400;\">L&#8217;usuari manifesta que totes les dades facilitades per ell s\u00f3n certes i correctes, i es compromet a mantenir-les actualitzades, comunicant els canvis al registre de la Generalitat de Catalunya.<\/span><\/p><h3><b>Finalitat del tractament de les dades personals:<\/b><\/h3><p><span style=\"font-weight: 400;\">Amb quina finalitat tractarem les teves dades personals?<\/span><\/p><p><span style=\"font-weight: 400;\">\u00a0\u00a0A Iron Skulls Co, tractarem les teves dades personals recollides a trav\u00e9s del Lloc Web:<\/span><\/p><p><span style=\"font-weight: 400;\">https:\/\/ironskulls.es\/ , amb les finalitats seg\u00fcents:<\/span><\/p><ol><li><span style=\"font-weight: 400;\"> En cas de contractaci\u00f3 dels b\u00e9ns i serveis oferts a trav\u00e9s d&#8217;Iron Skulls Co, per mantenir la relaci\u00f3 contractual, aix\u00ed com la gesti\u00f3, administraci\u00f3, informaci\u00f3, prestaci\u00f3 i millora del servei.<\/span><\/li><li><span style=\"font-weight: 400;\"> Enviament d&#8217;informaci\u00f3 sol\u00b7licitada a trav\u00e9s dels formularis disposats a Iron Skulls Co<\/span><\/li><li><span style=\"font-weight: 400;\"> Remetre butlletins (newsletters), aix\u00ed com comunicacions comercials de promocions i\/o publicitat d&#8217;Iron Skulls Co i del sector.<\/span><\/li><\/ol><p><span style=\"font-weight: 400;\"><br \/>Et recordem que et pots oposar a l&#8217;enviament de comunicacions comercials per qualsevol via i en qualsevol moment, remetent un correu electr\u00f2nic a l&#8217;adre\u00e7a indicada anteriorment.<\/span><\/p><p><span style=\"font-weight: 400;\">Els camps d&#8217;aquests registres s\u00f3n d&#8217;emplenament obligatori, i \u00e9s impossible fer les finalitats expressades si no s&#8217;aporten aquestes dades.<\/span><\/p><h3><b>Per quant de temps es conserven les dades personals recollides?<\/b><\/h3><p><span style=\"font-weight: 400;\">Les dades personals proporcionades es conservaran mentre es mantingui la relaci\u00f3 comercial o no en sol\u00b7liciti la supressi\u00f3 i durant el termini pel qual es puguin derivar responsabilitats legals pels serveis prestats.<\/span><\/p><h3><b>Legitimaci\u00f3:<\/b><\/h3><p><span style=\"font-weight: 400;\">\u00a0El tractament de les teves dades es realitza amb les bases jur\u00eddiques seg\u00fcents que legitimen el mateix:<\/span><\/p><ol><li><span style=\"font-weight: 400;\"> La sol\u00b7licitud d&#8217;informaci\u00f3 i\/o la contractaci\u00f3 dels serveis d&#8217;Iron Skulls Co, els<\/span><\/li><\/ol><p><span style=\"font-weight: 400;\">\u00a0\u00a0termes i condicions es posaran a la teva disposici\u00f3 en tot cas, pr\u00e8viament a una eventual contractaci\u00f3.<\/span><\/p><ol start=\"2\"><li><span style=\"font-weight: 400;\"> El consentiment lliure, espec\u00edfic, informat i inequ\u00edvoc, mentre t&#8217;informem posant a la teva disposici\u00f3 aquesta pol\u00edtica de privadesa, que despr\u00e9s de la lectura de la mateixa, en cas d&#8217;estar conforme, pots acceptar mitjan\u00e7ant una declaraci\u00f3 o una clara acci\u00f3 afirmativa, com el marcatge d&#8217;una casella disposada a aquest efecte.<\/span><\/li><\/ol><p><span style=\"font-weight: 400;\">En cas que no ens facilitis les teves dades o ho facis de forma err\u00f2nia o incompleta, no podrem atendre la teva sol\u00b7licitud, resultant del tot impossible proporcionar-te la informaci\u00f3 sol\u00b7licitada o dur a terme la contractaci\u00f3 dels serveis.<\/span><\/p><h3><b>Destinataris:<\/b><\/h3><p><span style=\"font-weight: 400;\">Les dades no es comunicaran a cap tercer ali\u00e8 a Iron Skulls Co, excepte obligaci\u00f3 legal.<\/span><\/p><p><span style=\"font-weight: 400;\">Com a encarregats de tractament, tenim contractats els seg\u00fcents prove\u00efdors de serveis, havent-se comprom\u00e8s al compliment de les disposicions normatives, daplicaci\u00f3 en mat\u00e8ria de protecci\u00f3 de dades, en el moment de la seva contractaci\u00f3:<\/span><\/p><p><span style=\"font-weight: 400;\">Mois\u00e9s Gordo amb domicili a Gran via corts catalans 534, 08011, Barcelona, NIF n\u00ba 76132799Q, presta serveis com a president de l&#8217;entitat.<\/span><\/p><p><span style=\"font-weight: 400;\">Podeu consultar la pol\u00edtica de privadesa i altres aspectes legals de la companyia al seg\u00fcent enlla\u00e7: www.ironskulls.es<\/span><\/p><h3><b>Dades recopilades per usuaris dels serveis<\/b><\/h3><p><span style=\"font-weight: 400;\">En els casos en qu\u00e8 l&#8217;usuari inclogui fitxers amb dades de car\u00e0cter personal als servidors d&#8217;allotjament compartit, Iron Skulls Co no es fa responsable de l&#8217;incompliment per part de l&#8217;usuari de l&#8217;RGPD.<\/span><\/p><h3><b>Retenci\u00f3 de dades de conformitat amb la LSSI<\/b><\/h3><p><span style=\"font-weight: 400;\">Iron Skulls Co informa que, com a prestador de servei d&#8217;allotjament de dades i en virtut del que estableix la Llei 34\/2002 d&#8217;11 de juliol de Serveis de la Societat de la Informaci\u00f3 i de Comer\u00e7 Electr\u00f2nic (LSSI), ret\u00e9 per un per\u00edode m\u00e0xim de 12 mesos la informaci\u00f3 imprescindible per identificar lorigen de les dades allotjades i el moment en qu\u00e8 es va iniciar la prestaci\u00f3 del servei. La retenci\u00f3 d&#8217;aquestes dades no afecta el secret de les comunicacions i nom\u00e9s es poden utilitzar en el marc d&#8217;una investigaci\u00f3 criminal o per a la salvaguarda de la seguretat p\u00fablica, posant-se a disposici\u00f3 dels jutges i\/o tribunals o del Ministeri que aix\u00ed ho requereixi .<\/span><\/p><p><span style=\"font-weight: 400;\">La comunicaci\u00f3 de dades a les Forces i Cossos de l&#8217;Estat es far\u00e0 en virtut del que disposa la normativa sobre protecci\u00f3 de dades personals.<\/span><\/p><h3><b>Drets propietat intel\u00b7lectual<\/b><\/h3><p><span style=\"font-weight: 400;\">Iron Skulls Co \u00e9s titular de tots els drets d&#8217;autor, propietat intel\u00b7lectual, industrial, \u201cknow how\u201d i tots els altres drets tenen relaci\u00f3 amb els continguts del lloc web Iron Skulls Co i els serveis que s&#8217;hi ofereixen, aix\u00ed com dels programes necessaris. per a la implementaci\u00f3 i la informaci\u00f3 relacionada.<\/span><\/p><p><span style=\"font-weight: 400;\">No es permet la reproducci\u00f3, publicaci\u00f3 i\/o \u00fas no estrictament privat dels continguts, totals o parcials, del lloc web https:\/\/ironskulls.es\/ sense el consentiment previ i per escrit.<\/span><\/p><h3><b>Propietat intel\u00b7lectual del programari<\/b><\/h3><p><span style=\"font-weight: 400;\">L&#8217;usuari ha de respectar els programes de tercers posats a la seva disposici\u00f3 per Iron Skulls Co, tot i ser gratu\u00efts i\/o de disposici\u00f3 p\u00fablica.<\/span><\/p><p><span style=\"font-weight: 400;\">Iron Skulls Co disposa dels drets d&#8217;explotaci\u00f3 i propietat intel\u00b7lectual necessaris del programari.<\/span><\/p><p><span style=\"font-weight: 400;\">L&#8217;usuari no adquireix cap dret o llic\u00e8ncia pel servei contractat, sobre el programari necessari per a la prestaci\u00f3 del servei, ni tampoc sobre la informaci\u00f3 t\u00e8cnica de seguiment del servei, excepci\u00f3 feta dels drets i llic\u00e8ncies necessaris per al compliment dels serveis contractats i \u00fanicament durant la durada dels mateixos.<\/span><\/p><p><span style=\"font-weight: 400;\">Per a tota actuaci\u00f3 que excedeixi el compliment del contracte, l&#8217;usuari necessitar\u00e0 autoritzaci\u00f3 per escrit per part d&#8217;Iron Skulls Co, quedant prohibit a l&#8217;usuari accedir, modificar, visualitzar la configuraci\u00f3, estructura i fitxers dels servidors propietat d&#8217;Iron Skulls Co, assumint-ne la responsabilitat civil i penal derivada de qualsevol incid\u00e8ncia que es pogu\u00e9s produir als servidors i sistemes de seguretat com a conseq\u00fc\u00e8ncia directa d&#8217;una actuaci\u00f3 negligent o maliciosa per part seva.<\/span><\/p><h3><b>Propietat intel\u00b7lectual dels continguts allotjats<\/b><\/h3><p><span style=\"font-weight: 400;\">Es prohibeix l&#8217;\u00fas contrari a la legislaci\u00f3 sobre propietat intel\u00b7lectual dels serveis prestats per Iron Skulls Co i, en particular:<\/span><\/p><ul><li><span style=\"font-weight: 400;\"> La utilitzaci\u00f3 que resulti contr\u00e0ria a les lleis espanyoles o que infringeixi els drets de tercers.<\/span><\/li><li><span style=\"font-weight: 400;\"> La publicaci\u00f3 o la transmissi\u00f3 de qualsevol contingut que, segons el parer d&#8217;Iron Skulls Co, resulti<\/span>\u00a0 violent, obsc\u00e8, abusiu, il\u00b7legal, racial, xen\u00f2fob o difamatori.<\/li><\/ul><ul><li><span style=\"font-weight: 400;\"> Els cracs, n\u00fameros de s\u00e8rie de programes o qualsevol altre contingut que vulneri drets de la propietat intel\u00b7lectual de tercers.<\/span><\/li><li><span style=\"font-weight: 400;\"> La recollida i\/o utilitzaci\u00f3 de dades personals d&#8217;altres usuaris sense el seu consentiment expr\u00e9s o contravenint el que disposa el Reglament (UE) 2016\/679 del Parlament Europeu i del Consell, de 27 d&#8217;abril de 2016, relatiu a la protecci\u00f3 de les persones f\u00edsiques pel que fa al tractament de dades personals ia la lliure circulaci\u00f3 d&#8217;aquestes.<\/span><\/li><li><span style=\"font-weight: 400;\"> La utilitzaci\u00f3 del servidor de correu del domini i de les adreces de correu electr\u00f2nic per a l&#8217;enviament de correu massiu no desitjat.<\/span><\/li><\/ul><p><span style=\"font-weight: 400;\"><br \/>L&#8217;usuari t\u00e9 tota la responsabilitat sobre el contingut del web, la informaci\u00f3 transmesa i emmagatzemada, els enlla\u00e7os d&#8217;hipertext, les reivindicacions de tercers i les accions legals en refer\u00e8ncia a propietat intel\u00b7lectual,<\/span><\/p><h3><b>Drets de tercers i protecci\u00f3 de menors.<\/b><\/h3><p><span style=\"font-weight: 400;\">L&#8217;usuari \u00e9s responsable respecte a les lleis i els reglaments en vigor i les regles que tenen a veure amb el funcionament del servei online, comer\u00e7 electr\u00f2nic, drets d&#8217;autor, manteniment de l&#8217;ordre p\u00fablic, aix\u00ed com principis universals d&#8217;\u00fas d&#8217;Internet.<\/span><\/p><p><span style=\"font-weight: 400;\">L&#8217;usuari indemnitzar\u00e0 Iron Skulls Co per les despeses que gener\u00e9s la imputaci\u00f3 d&#8217;Iron Skulls Co en alguna causa la responsabilitat de la qual fos atribu\u00efble a l&#8217;usuari, inclosos honoraris i despeses de defensa jur\u00eddica, fins i tot en el cas d&#8217;una decisi\u00f3 judicial no definitiva.<\/span><\/p><h3><b>Protecci\u00f3 de la informaci\u00f3 allotjada<\/b><\/h3><p><span style=\"font-weight: 400;\">Iron Skulls Co fa c\u00f2pies de seguretat dels continguts allotjats als seus servidors, per\u00f2 no es responsabilitza de la p\u00e8rdua o l&#8217;esborrament accidental de les dades per part dels usuaris. De la mateixa manera, no garanteix la reposici\u00f3 total de les dades esborrades pels usuaris, ja que les dades esmentades podrien haver estat suprimides i\/o modificades durant el per\u00edode del temps transcorregut des de l&#8217;\u00faltima c\u00f2pia de seguretat.<\/span><\/p><p><span style=\"font-weight: 400;\">Els serveis oferts, excepte els serveis espec\u00edfics de backup, no inclouen la reposici\u00f3 dels continguts conservats a les c\u00f2pies de seguretat realitzades per Iron Skulls Co, quan aquesta p\u00e8rdua sigui imputable a l&#8217;usuari; en aquest cas, es determinar\u00e0 una tarifa d&#8217;acord amb la complexitat i el volum de la recuperaci\u00f3, sempre pr\u00e8via acceptaci\u00f3 de l&#8217;usuari.<\/span><\/p><p><span style=\"font-weight: 400;\">La reposici\u00f3 de dades esborrades nom\u00e9s est\u00e0 inclosa en el preu del servei quan la p\u00e8rdua del contingut sigui deguda a causes atribu\u00efbles a Iron Skulls Co.<\/span><\/p><h3><b>Comunicacions comercials<\/b><\/h3><p><span style=\"font-weight: 400;\">En aplicaci\u00f3 de la LSSI. Iron Skulls Co no enviar\u00e0 comunicacions publicit\u00e0ries o promocionals per correu electr\u00f2nic o altre mitj\u00e0 de comunicaci\u00f3 electr\u00f2nica equivalent que pr\u00e8viament no haguessin estat sol\u00b7licitades o expressament autoritzades pels destinataris de les mateixes.<\/span><\/p><p><span style=\"font-weight: 400;\">En el cas d&#8217;usuaris amb qu\u00e8 hi hagi una relaci\u00f3 contractual pr\u00e8via, Iron Skulls Co s\u00ed que est\u00e0 autoritzat a l&#8217;enviament de comunicacions comercials referents a productes o serveis d&#8217;Iron Skulls Co que siguin similars als que inicialment van ser objecte de contractaci\u00f3 amb el client.<\/span><\/p><p><span style=\"font-weight: 400;\">En tot cas, l&#8217;usuari, despr\u00e9s d&#8217;acreditar-ne la identitat, podr\u00e0 sol\u00b7licitar que no se li faci arribar m\u00e9s informaci\u00f3 comercial a trav\u00e9s dels canals d&#8217;Atenci\u00f3 al Client.<\/span><\/p>\t\t\t\t\t\t<\/div>\n\t\t\t\t<\/div>\n\t\t\t\t<\/div>\n\t\t\t\t\t<\/div>\n\t\t\t\t<\/div>\n\t\t\t\t<\/div>\n\t\t","protected":false},"excerpt":{"rendered":"<p>Pol\u00edtica de privadesa Protecci\u00f3 de dades de car\u00e0cter personal segons la LOPDDD Iron Skulls Co, en aplicaci\u00f3 de la normativa vigent en mat\u00e8ria de protecci\u00f3 de dades de car\u00e0cter personal, informa que les dades personals que es recullen a trav\u00e9s dels formularis del Lloc web: https:\/\/ironskulls.es\/ , s&#8217;inclouen als fitxers automatitzats espec\u00edfics d&#8217;usuaris dels serveis [&hellip;]<\/p>\n","protected":false},"author":1,"featured_media":0,"parent":0,"menu_order":0,"comment_status":"closed","ping_status":"closed","template":"","meta":{"footnotes":""},"class_list":["post-4487","page","type-page","status-publish","hentry"],"yoast_head":"<!-- This site is optimized with the Yoast SEO plugin v23.6 - https:\/\/yoast.com\/wordpress\/plugins\/seo\/ -->\n<title>Pol\u00edtica de privadesa - Iron Skulls co<\/title>\n<meta name=\"robots\" content=\"index, follow, max-snippet:-1, max-image-preview:large, max-video-preview:-1\" \/>\n<link rel=\"canonical\" href=\"https:\/\/ironskulls.es\/politica-de-privacidad\/\" \/>\n<meta property=\"og:locale\" content=\"ca_ES\" \/>\n<meta property=\"og:type\" content=\"article\" \/>\n<meta property=\"og:title\" content=\"Pol\u00edtica de privadesa - Iron Skulls co\" \/>\n<meta property=\"og:description\" content=\"Pol\u00edtica de privadesa Protecci\u00f3 de dades de car\u00e0cter personal segons la LOPDDD Iron Skulls Co, en aplicaci\u00f3 de la normativa vigent en mat\u00e8ria de protecci\u00f3 de dades de car\u00e0cter personal, informa que les dades personals que es recullen a trav\u00e9s dels formularis del Lloc web: https:\/\/ironskulls.es\/ , s&#8217;inclouen als fitxers automatitzats espec\u00edfics d&#8217;usuaris dels serveis [&hellip;]\" \/>\n<meta property=\"og:url\" content=\"https:\/\/ironskulls.es\/politica-de-privacidad\/\" \/>\n<meta property=\"og:site_name\" content=\"Iron Skulls co\" \/>\n<meta property=\"article:modified_time\" content=\"2024-04-29T12:36:21+00:00\" \/>\n<meta name=\"twitter:card\" content=\"summary_large_image\" \/>\n<meta name=\"twitter:label1\" content=\"Temps estimat de lectura\" \/>\n\t<meta name=\"twitter:data1\" content=\"9 minuts\" \/>\n<script type=\"application\/ld+json\" class=\"yoast-schema-graph\">{\"@context\":\"https:\/\/schema.org\",\"@graph\":[{\"@type\":\"WebPage\",\"@id\":\"https:\/\/ironskulls.es\/politica-de-privacidad\/\",\"url\":\"https:\/\/ironskulls.es\/politica-de-privacidad\/\",\"name\":\"Pol\u00edtica de privadesa - Iron Skulls co\",\"isPartOf\":{\"@id\":\"https:\/\/ironskulls.es\/#website\"},\"datePublished\":\"2024-03-08T08:10:29+00:00\",\"dateModified\":\"2024-04-29T12:36:21+00:00\",\"breadcrumb\":{\"@id\":\"https:\/\/ironskulls.es\/politica-de-privacidad\/#breadcrumb\"},\"inLanguage\":\"ca\",\"potentialAction\":[{\"@type\":\"ReadAction\",\"target\":[\"https:\/\/ironskulls.es\/politica-de-privacidad\/\"]}]},{\"@type\":\"BreadcrumbList\",\"@id\":\"https:\/\/ironskulls.es\/politica-de-privacidad\/#breadcrumb\",\"itemListElement\":[{\"@type\":\"ListItem\",\"position\":1,\"name\":\"Portada\",\"item\":\"https:\/\/ironskulls.es\/ca\/\"},{\"@type\":\"ListItem\",\"position\":2,\"name\":\"Pol\u00edtica de privadesa\"}]},{\"@type\":\"WebSite\",\"@id\":\"https:\/\/ironskulls.es\/#website\",\"url\":\"https:\/\/ironskulls.es\/\",\"name\":\"Iron Skulls co\",\"description\":\"\",\"publisher\":{\"@id\":\"https:\/\/ironskulls.es\/#organization\"},\"potentialAction\":[{\"@type\":\"SearchAction\",\"target\":{\"@type\":\"EntryPoint\",\"urlTemplate\":\"https:\/\/ironskulls.es\/?s={search_term_string}\"},\"query-input\":{\"@type\":\"PropertyValueSpecification\",\"valueRequired\":true,\"valueName\":\"search_term_string\"}}],\"inLanguage\":\"ca\"},{\"@type\":\"Organization\",\"@id\":\"https:\/\/ironskulls.es\/#organization\",\"name\":\"Iron Skulls co\",\"url\":\"https:\/\/ironskulls.es\/\",\"logo\":{\"@type\":\"ImageObject\",\"inLanguage\":\"ca\",\"@id\":\"https:\/\/ironskulls.es\/#\/schema\/logo\/image\/\",\"url\":\"https:\/\/ironskulls.es\/wp-content\/uploads\/2023\/10\/logo-header-negro.svg\",\"contentUrl\":\"https:\/\/ironskulls.es\/wp-content\/uploads\/2023\/10\/logo-header-negro.svg\",\"width\":67,\"height\":33,\"caption\":\"Iron Skulls co\"},\"image\":{\"@id\":\"https:\/\/ironskulls.es\/#\/schema\/logo\/image\/\"},\"sameAs\":[\"https:\/\/www.instagram.com\/ironskullsco\/\",\"https:\/\/www.youtube.com\/@IronSkullsCo\",\"https:\/\/es.linkedin.com\/company\/iron-skulls-co?original_referer=httpswww.google.com\"]}]}<\/script>\n<!-- \/ Yoast SEO plugin. -->","yoast_head_json":{"title":"Pol\u00edtica de privadesa - Iron Skulls co","robots":{"index":"index","follow":"follow","max-snippet":"max-snippet:-1","max-image-preview":"max-image-preview:large","max-video-preview":"max-video-preview:-1"},"canonical":"https:\/\/ironskulls.es\/politica-de-privacidad\/","og_locale":"ca_ES","og_type":"article","og_title":"Pol\u00edtica de privadesa - Iron Skulls co","og_description":"Pol\u00edtica de privadesa Protecci\u00f3 de dades de car\u00e0cter personal segons la LOPDDD Iron Skulls Co, en aplicaci\u00f3 de la normativa vigent en mat\u00e8ria de protecci\u00f3 de dades de car\u00e0cter personal, informa que les dades personals que es recullen a trav\u00e9s dels formularis del Lloc web: https:\/\/ironskulls.es\/ , s&#8217;inclouen als fitxers automatitzats espec\u00edfics d&#8217;usuaris dels serveis [&hellip;]","og_url":"https:\/\/ironskulls.es\/politica-de-privacidad\/","og_site_name":"Iron Skulls co","article_modified_time":"2024-04-29T12:36:21+00:00","twitter_card":"summary_large_image","twitter_misc":{"Temps estimat de lectura":"9 minuts"},"schema":{"@context":"https:\/\/schema.org","@graph":[{"@type":"WebPage","@id":"https:\/\/ironskulls.es\/politica-de-privacidad\/","url":"https:\/\/ironskulls.es\/politica-de-privacidad\/","name":"Pol\u00edtica de privadesa - Iron Skulls co","isPartOf":{"@id":"https:\/\/ironskulls.es\/#website"},"datePublished":"2024-03-08T08:10:29+00:00","dateModified":"2024-04-29T12:36:21+00:00","breadcrumb":{"@id":"https:\/\/ironskulls.es\/politica-de-privacidad\/#breadcrumb"},"inLanguage":"ca","potentialAction":[{"@type":"ReadAction","target":["https:\/\/ironskulls.es\/politica-de-privacidad\/"]}]},{"@type":"BreadcrumbList","@id":"https:\/\/ironskulls.es\/politica-de-privacidad\/#breadcrumb","itemListElement":[{"@type":"ListItem","position":1,"name":"Portada","item":"https:\/\/ironskulls.es\/ca\/"},{"@type":"ListItem","position":2,"name":"Pol\u00edtica de privadesa"}]},{"@type":"WebSite","@id":"https:\/\/ironskulls.es\/#website","url":"https:\/\/ironskulls.es\/","name":"Iron Skulls co","description":"","publisher":{"@id":"https:\/\/ironskulls.es\/#organization"},"potentialAction":[{"@type":"SearchAction","target":{"@type":"EntryPoint","urlTemplate":"https:\/\/ironskulls.es\/?s={search_term_string}"},"query-input":{"@type":"PropertyValueSpecification","valueRequired":true,"valueName":"search_term_string"}}],"inLanguage":"ca"},{"@type":"Organization","@id":"https:\/\/ironskulls.es\/#organization","name":"Iron Skulls co","url":"https:\/\/ironskulls.es\/","logo":{"@type":"ImageObject","inLanguage":"ca","@id":"https:\/\/ironskulls.es\/#\/schema\/logo\/image\/","url":"https:\/\/ironskulls.es\/wp-content\/uploads\/2023\/10\/logo-header-negro.svg","contentUrl":"https:\/\/ironskulls.es\/wp-content\/uploads\/2023\/10\/logo-header-negro.svg","width":67,"height":33,"caption":"Iron Skulls co"},"image":{"@id":"https:\/\/ironskulls.es\/#\/schema\/logo\/image\/"},"sameAs":["https:\/\/www.instagram.com\/ironskullsco\/","https:\/\/www.youtube.com\/@IronSkullsCo","https:\/\/es.linkedin.com\/company\/iron-skulls-co?original_referer=httpswww.google.com"]}]}},"_links":{"self":[{"href":"https:\/\/ironskulls.es\/ca\/wp-json\/wp\/v2\/pages\/4487","targetHints":{"allow":["GET"]}}],"collection":[{"href":"https:\/\/ironskulls.es\/ca\/wp-json\/wp\/v2\/pages"}],"about":[{"href":"https:\/\/ironskulls.es\/ca\/wp-json\/wp\/v2\/types\/page"}],"author":[{"embeddable":true,"href":"https:\/\/ironskulls.es\/ca\/wp-json\/wp\/v2\/users\/1"}],"replies":[{"embeddable":true,"href":"https:\/\/ironskulls.es\/ca\/wp-json\/wp\/v2\/comments?post=4487"}],"version-history":[{"count":6,"href":"https:\/\/ironskulls.es\/ca\/wp-json\/wp\/v2\/pages\/4487\/revisions"}],"predecessor-version":[{"id":4517,"href":"https:\/\/ironskulls.es\/ca\/wp-json\/wp\/v2\/pages\/4487\/revisions\/4517"}],"wp:attachment":[{"href":"https:\/\/ironskulls.es\/ca\/wp-json\/wp\/v2\/media?parent=4487"}],"curies":[{"name":"wp","href":"https:\/\/api.w.org\/{rel}","templated":true}]}}