{"id":4495,"date":"2024-04-22T09:40:29","date_gmt":"2024-04-22T09:40:29","guid":{"rendered":"https:\/\/ironskulls.es\/politica-de-cookies\/"},"modified":"2024-04-29T12:40:32","modified_gmt":"2024-04-29T12:40:32","slug":"politica-de-cookies","status":"publish","type":"page","link":"https:\/\/ironskulls.es\/ca\/politica-de-cookies\/","title":{"rendered":"Pol\u00edtica de cookies"},"content":{"rendered":"\t\t<div data-elementor-type=\"wp-page\" data-elementor-id=\"4495\" class=\"elementor elementor-4495 elementor-3472\" data-elementor-post-type=\"page\">\n\t\t\t\t<div class=\"elementor-element elementor-element-4866d42 e-flex e-con-boxed e-con e-parent\" data-id=\"4866d42\" data-element_type=\"container\" data-settings=\"{&quot;jet_parallax_layout_list&quot;:[],&quot;background_background&quot;:&quot;classic&quot;}\">\n\t\t\t\t\t<div class=\"e-con-inner\">\n\t\t<div class=\"elementor-element elementor-element-29956bc e-con-full e-flex e-con e-child\" data-id=\"29956bc\" data-element_type=\"container\" data-settings=\"{&quot;jet_parallax_layout_list&quot;:[]}\">\n\t\t\t\t<div class=\"elementor-element elementor-element-f8cec8c elementor-widget elementor-widget-text-editor\" data-id=\"f8cec8c\" data-element_type=\"widget\" data-widget_type=\"text-editor.default\">\n\t\t\t\t<div class=\"elementor-widget-container\">\n\t\t\t<style>\/*! elementor - v3.21.0 - 20-05-2024 *\/\n.elementor-widget-text-editor.elementor-drop-cap-view-stacked .elementor-drop-cap{background-color:#69727d;color:#fff}.elementor-widget-text-editor.elementor-drop-cap-view-framed .elementor-drop-cap{color:#69727d;border:3px solid;background-color:transparent}.elementor-widget-text-editor:not(.elementor-drop-cap-view-default) .elementor-drop-cap{margin-top:8px}.elementor-widget-text-editor:not(.elementor-drop-cap-view-default) .elementor-drop-cap-letter{width:1em;height:1em}.elementor-widget-text-editor .elementor-drop-cap{float:left;text-align:center;line-height:1;font-size:50px}.elementor-widget-text-editor .elementor-drop-cap-letter{display:inline-block}<\/style>\t\t\t\t<h2><strong>Pol\u00edtica de cookies<\/strong><\/h2><h3><b>Qu\u00e8 s\u00f3n les Cookies i per a qu\u00e8 serveixen?<\/b><\/h3><p><span style=\"font-weight: 400;\">Les cookies s\u00f3n petits arxius que es descarreguen al vostre ordinador quan accedeix a determinades p\u00e0gines web. Serveixen, entre altres coses, per emmagatzemar i recuperar informaci\u00f3 sobre els h\u00e0bits de navegaci\u00f3 d&#8217;un usuari o del seu equip i, depenent de la informaci\u00f3 que continguin i de la manera com utilitzi el seu equip, es poden utilitzar per recon\u00e8ixer l&#8217;usuari.<\/span><\/p><h3><b>Quins tipus de Cookies utilitza aquesta web?<\/b><\/h3><h4><b>Cookies pr\u00f2pies<\/b><\/h4><ul><li style=\"font-weight: 400;\" aria-level=\"1\"><span style=\"font-weight: 400;\">Cookies de sessi\u00f3: S\u00f3n un tipus de Cookies dissenyades per a demanar i emmagatzemar dades mentre l&#8217;usuari accedeix a una p\u00e0gina web, que desapareixen una vegada l&#8217;usuari abandona el lloc web.<\/span><\/li><li style=\"font-weight: 400;\" aria-level=\"1\"><span style=\"font-weight: 400;\">Cookies de servei: S\u00f3n aquelles que s&#8217;envien a l&#8217;equip terminal de l&#8217;usuari des d&#8217;un equip o domini gestionat per Iron Skulls co. i des del qual es presta el servei sol\u00b7licitat per l&#8217;usuari, per oferir-vos els nostres productes i serveis d&#8217;acord amb els termes i condicions aplicables.<\/span><\/li><li style=\"font-weight: 400;\" aria-level=\"1\"><span style=\"font-weight: 400;\">Cookies persistents: S\u00f3n un tipus de cookies en qu\u00e8 les dades segueixen emmagatzemades al terminal i poden ser accedides i tractades durant un per\u00edode determinat. Sutilitzen per exemple en el proc\u00e9s de compra o registre per evitar haver dintroduir les nostres dades constantment.<\/span><\/li><\/ul><h4><b>Cookies de tercers<\/b><\/h4><p><span style=\"font-weight: 400;\">S\u00f3n aquelles que s&#8217;envien a l&#8217;equip terminal de l&#8217;usuari des d&#8217;un equip o domini que no \u00e9s gestionat per L&#8217;EMPRESA sin\u00f3 per una altra entitat que tracta les dades obtingudes a trav\u00e9s de les Cookies.<\/span><\/p><h4><b>Cookies anal\u00edtiques<\/b><\/h4><p><span style=\"font-weight: 400;\">Cada cop que un Usuari visita un Servei, una eina d&#8217;un prove\u00efdor extern (<\/span><a href=\"http:\/\/www.google.es\/intl\/es\/policies\/technologies\/cookies\/\"><span style=\"font-weight: 400;\">an\u00e0lisis de Google<\/span><\/a><span style=\"font-weight: 400;\">) genera una galeta anal\u00edtica a l&#8217;ordinador de l&#8217;Usuari, que recull dades an\u00f2nimes de navegaci\u00f3 i ens permet quantificar el nombre d&#8217;usuaris. Aix\u00ed, podem realitzar el mesurament i l&#8217;an\u00e0lisi estad\u00edstica de l&#8217;\u00fas que fan els usuaris del servei ofert, per millorar la nostra oferta de productes o serveis.<\/span><\/p><h4><b>Cookies al Youtube<\/b><\/h4><p><span style=\"font-weight: 400;\">Algunes de les nostres p\u00e0gines contenen v\u00eddeos incrustats de YouTube.<\/span><\/p><p><a href=\"https:\/\/www.google.es\/intl\/es\/policies\/technologies\/cookies\/\"><span style=\"font-weight: 400;\">Veure pol\u00edtica de Cookies de YouTube<\/span><\/a><span style=\"font-weight: 400;\">.<\/span><\/p><h3><b>Com es poden deshabilitar les Cookies?<\/b><\/h3><p><span style=\"font-weight: 400;\">Normalment \u00e9s possible deixar d&#8217;acceptar les Cookies del navegador, o deixar d&#8217;acceptar les Cookies d&#8217;un servei en particular. Tots els navegadors moderns permeten canviar la configuraci\u00f3 de Cookies. Aquests par\u00e0metres normalment es troben a les opcions o prefer\u00e8ncies del men\u00fa del vostre navegador. Aix\u00ed mateix, podeu configurar el vostre navegador o el vostre gestor de correu electr\u00f2nic, aix\u00ed com instal\u00b7lar complements gratu\u00efts per evitar que es descarreguin els Web Bugs en obrir un email. Seguiu les seg\u00fcents instruccions segons el vostre navegador d&#8217;internet per canviar les prefer\u00e8ncies relatives a les cookies:<\/span><\/p><p><b>Internet Explorer<\/b><\/p><p><span style=\"font-weight: 400;\">Eines Opcions d&#8217;Internet Privadesa Configuraci\u00f3.<\/span><\/p><p><span style=\"font-weight: 400;\">Per a m\u00e9s informaci\u00f3, podeu consultar el <\/span><a href=\"http:\/\/support.microsoft.com\/kb\/260971\"><span style=\"font-weight: 400;\">suport de Microsoft<\/span><\/a><span style=\"font-weight: 400;\"> o l&#8217;ajuda del navegador.<\/span><\/p><p><b>Firefox<\/b><\/p><p><span style=\"font-weight: 400;\">Eines Opcions Privadesa Historial Configuraci\u00f3 Personalitzada.<\/span><\/p><p><span style=\"font-weight: 400;\">Per a m\u00e9s informaci\u00f3, podeu consultar el <\/span><a href=\"http:\/\/support.mozilla.org\/es\/kb\/cookies-informacion-que-los-sitios-web-guardan-en-\"><span style=\"font-weight: 400;\">suport de Mozilla<\/span><\/a><span style=\"font-weight: 400;\"> o l&#8217;ajuda del navegador.<\/span><\/p><p><b>Chrome<\/b><\/p><p><span style=\"font-weight: 400;\">Chrome: Configuraci\u00f3 Mostrar opcions avan\u00e7ades Privadesa Configuraci\u00f3 de contingut.<\/span><\/p><p><span style=\"font-weight: 400;\">Per a m\u00e9s informaci\u00f3, podeu consultar el <\/span><a href=\"https:\/\/support.google.com\/chrome\/answer\/95647?hl=es\"><span style=\"font-weight: 400;\">suport de Google<\/span><\/a><span style=\"font-weight: 400;\"> o l&#8217;ajuda del navegador.<\/span><\/p><p><b>Safari<\/b><\/p><p><span style=\"font-weight: 400;\">Prefer\u00e8ncies Seguretat.<\/span><\/p><p><span style=\"font-weight: 400;\">Per a m\u00e9s informaci\u00f3, podeu consultar el <\/span><a href=\"http:\/\/www.apple.com\/es\/privacy\/use-of-cookies\/\"><span style=\"font-weight: 400;\">Suport d&#8217;Apple<\/span><\/a><span style=\"font-weight: 400;\"> o l&#8217;ajuda del navegador.<\/span><\/p><p><span style=\"font-weight: 400;\">L&#8217;EMPRESA pot modificar aquesta Pol\u00edtica de Cookies en funci\u00f3 d&#8217;exig\u00e8ncies legislatives, reglament\u00e0ries, o amb la finalitat d&#8217;adaptar aquesta pol\u00edtica a les instruccions dictades per l&#8217;Ag\u00e8ncia Espanyola de Protecci\u00f3 de Dades. Per aix\u00f2 s&#8217;aconsella als usuaris que visitin peri\u00f2dicament aquesta p\u00e0gina per con\u00e8ixer els canvis que s&#8217;hi han patit.<\/span><\/p>\t\t\t\t\t\t<\/div>\n\t\t\t\t<\/div>\n\t\t\t\t<\/div>\n\t\t\t\t\t<\/div>\n\t\t\t\t<\/div>\n\t\t\t\t<\/div>\n\t\t","protected":false},"excerpt":{"rendered":"<p>Pol\u00edtica de cookies Qu\u00e8 s\u00f3n les Cookies i per a qu\u00e8 serveixen? Les cookies s\u00f3n petits arxius que es descarreguen al vostre ordinador quan accedeix a determinades p\u00e0gines web. Serveixen, entre altres coses, per emmagatzemar i recuperar informaci\u00f3 sobre els h\u00e0bits de navegaci\u00f3 d&#8217;un usuari o del seu equip i, depenent de la informaci\u00f3 que [&hellip;]<\/p>\n","protected":false},"author":1,"featured_media":0,"parent":0,"menu_order":0,"comment_status":"closed","ping_status":"closed","template":"","meta":{"footnotes":""},"class_list":["post-4495","page","type-page","status-publish","hentry"],"yoast_head":"<!-- This site is optimized with the Yoast SEO plugin v23.6 - https:\/\/yoast.com\/wordpress\/plugins\/seo\/ -->\n<title>Pol\u00edtica de cookies - Iron Skulls co<\/title>\n<meta name=\"robots\" content=\"index, follow, max-snippet:-1, max-image-preview:large, max-video-preview:-1\" \/>\n<link rel=\"canonical\" href=\"https:\/\/ironskulls.es\/politica-de-cookies\/\" \/>\n<meta property=\"og:locale\" content=\"ca_ES\" \/>\n<meta property=\"og:type\" content=\"article\" \/>\n<meta property=\"og:title\" content=\"Pol\u00edtica de cookies - Iron Skulls co\" \/>\n<meta property=\"og:description\" content=\"Pol\u00edtica de cookies Qu\u00e8 s\u00f3n les Cookies i per a qu\u00e8 serveixen? Les cookies s\u00f3n petits arxius que es descarreguen al vostre ordinador quan accedeix a determinades p\u00e0gines web. Serveixen, entre altres coses, per emmagatzemar i recuperar informaci\u00f3 sobre els h\u00e0bits de navegaci\u00f3 d&#8217;un usuari o del seu equip i, depenent de la informaci\u00f3 que [&hellip;]\" \/>\n<meta property=\"og:url\" content=\"https:\/\/ironskulls.es\/politica-de-cookies\/\" \/>\n<meta property=\"og:site_name\" content=\"Iron Skulls co\" \/>\n<meta property=\"article:modified_time\" content=\"2024-04-29T12:40:32+00:00\" \/>\n<meta name=\"twitter:card\" content=\"summary_large_image\" \/>\n<meta name=\"twitter:label1\" content=\"Temps estimat de lectura\" \/>\n\t<meta name=\"twitter:data1\" content=\"3 minuts\" \/>\n<script type=\"application\/ld+json\" class=\"yoast-schema-graph\">{\"@context\":\"https:\/\/schema.org\",\"@graph\":[{\"@type\":\"WebPage\",\"@id\":\"https:\/\/ironskulls.es\/politica-de-cookies\/\",\"url\":\"https:\/\/ironskulls.es\/politica-de-cookies\/\",\"name\":\"Pol\u00edtica de cookies - Iron Skulls co\",\"isPartOf\":{\"@id\":\"https:\/\/ironskulls.es\/#website\"},\"datePublished\":\"2024-04-22T09:40:29+00:00\",\"dateModified\":\"2024-04-29T12:40:32+00:00\",\"breadcrumb\":{\"@id\":\"https:\/\/ironskulls.es\/politica-de-cookies\/#breadcrumb\"},\"inLanguage\":\"ca\",\"potentialAction\":[{\"@type\":\"ReadAction\",\"target\":[\"https:\/\/ironskulls.es\/politica-de-cookies\/\"]}]},{\"@type\":\"BreadcrumbList\",\"@id\":\"https:\/\/ironskulls.es\/politica-de-cookies\/#breadcrumb\",\"itemListElement\":[{\"@type\":\"ListItem\",\"position\":1,\"name\":\"Portada\",\"item\":\"https:\/\/ironskulls.es\/ca\/\"},{\"@type\":\"ListItem\",\"position\":2,\"name\":\"Pol\u00edtica de cookies\"}]},{\"@type\":\"WebSite\",\"@id\":\"https:\/\/ironskulls.es\/#website\",\"url\":\"https:\/\/ironskulls.es\/\",\"name\":\"Iron Skulls co\",\"description\":\"\",\"publisher\":{\"@id\":\"https:\/\/ironskulls.es\/#organization\"},\"potentialAction\":[{\"@type\":\"SearchAction\",\"target\":{\"@type\":\"EntryPoint\",\"urlTemplate\":\"https:\/\/ironskulls.es\/?s={search_term_string}\"},\"query-input\":{\"@type\":\"PropertyValueSpecification\",\"valueRequired\":true,\"valueName\":\"search_term_string\"}}],\"inLanguage\":\"ca\"},{\"@type\":\"Organization\",\"@id\":\"https:\/\/ironskulls.es\/#organization\",\"name\":\"Iron Skulls co\",\"url\":\"https:\/\/ironskulls.es\/\",\"logo\":{\"@type\":\"ImageObject\",\"inLanguage\":\"ca\",\"@id\":\"https:\/\/ironskulls.es\/#\/schema\/logo\/image\/\",\"url\":\"https:\/\/ironskulls.es\/wp-content\/uploads\/2023\/10\/logo-header-negro.svg\",\"contentUrl\":\"https:\/\/ironskulls.es\/wp-content\/uploads\/2023\/10\/logo-header-negro.svg\",\"width\":67,\"height\":33,\"caption\":\"Iron Skulls co\"},\"image\":{\"@id\":\"https:\/\/ironskulls.es\/#\/schema\/logo\/image\/\"},\"sameAs\":[\"https:\/\/www.instagram.com\/ironskullsco\/\",\"https:\/\/www.youtube.com\/@IronSkullsCo\",\"https:\/\/es.linkedin.com\/company\/iron-skulls-co?original_referer=httpswww.google.com\"]}]}<\/script>\n<!-- \/ Yoast SEO plugin. -->","yoast_head_json":{"title":"Pol\u00edtica de cookies - Iron Skulls co","robots":{"index":"index","follow":"follow","max-snippet":"max-snippet:-1","max-image-preview":"max-image-preview:large","max-video-preview":"max-video-preview:-1"},"canonical":"https:\/\/ironskulls.es\/politica-de-cookies\/","og_locale":"ca_ES","og_type":"article","og_title":"Pol\u00edtica de cookies - Iron Skulls co","og_description":"Pol\u00edtica de cookies Qu\u00e8 s\u00f3n les Cookies i per a qu\u00e8 serveixen? Les cookies s\u00f3n petits arxius que es descarreguen al vostre ordinador quan accedeix a determinades p\u00e0gines web. Serveixen, entre altres coses, per emmagatzemar i recuperar informaci\u00f3 sobre els h\u00e0bits de navegaci\u00f3 d&#8217;un usuari o del seu equip i, depenent de la informaci\u00f3 que [&hellip;]","og_url":"https:\/\/ironskulls.es\/politica-de-cookies\/","og_site_name":"Iron Skulls co","article_modified_time":"2024-04-29T12:40:32+00:00","twitter_card":"summary_large_image","twitter_misc":{"Temps estimat de lectura":"3 minuts"},"schema":{"@context":"https:\/\/schema.org","@graph":[{"@type":"WebPage","@id":"https:\/\/ironskulls.es\/politica-de-cookies\/","url":"https:\/\/ironskulls.es\/politica-de-cookies\/","name":"Pol\u00edtica de cookies - Iron Skulls co","isPartOf":{"@id":"https:\/\/ironskulls.es\/#website"},"datePublished":"2024-04-22T09:40:29+00:00","dateModified":"2024-04-29T12:40:32+00:00","breadcrumb":{"@id":"https:\/\/ironskulls.es\/politica-de-cookies\/#breadcrumb"},"inLanguage":"ca","potentialAction":[{"@type":"ReadAction","target":["https:\/\/ironskulls.es\/politica-de-cookies\/"]}]},{"@type":"BreadcrumbList","@id":"https:\/\/ironskulls.es\/politica-de-cookies\/#breadcrumb","itemListElement":[{"@type":"ListItem","position":1,"name":"Portada","item":"https:\/\/ironskulls.es\/ca\/"},{"@type":"ListItem","position":2,"name":"Pol\u00edtica de cookies"}]},{"@type":"WebSite","@id":"https:\/\/ironskulls.es\/#website","url":"https:\/\/ironskulls.es\/","name":"Iron Skulls co","description":"","publisher":{"@id":"https:\/\/ironskulls.es\/#organization"},"potentialAction":[{"@type":"SearchAction","target":{"@type":"EntryPoint","urlTemplate":"https:\/\/ironskulls.es\/?s={search_term_string}"},"query-input":{"@type":"PropertyValueSpecification","valueRequired":true,"valueName":"search_term_string"}}],"inLanguage":"ca"},{"@type":"Organization","@id":"https:\/\/ironskulls.es\/#organization","name":"Iron Skulls co","url":"https:\/\/ironskulls.es\/","logo":{"@type":"ImageObject","inLanguage":"ca","@id":"https:\/\/ironskulls.es\/#\/schema\/logo\/image\/","url":"https:\/\/ironskulls.es\/wp-content\/uploads\/2023\/10\/logo-header-negro.svg","contentUrl":"https:\/\/ironskulls.es\/wp-content\/uploads\/2023\/10\/logo-header-negro.svg","width":67,"height":33,"caption":"Iron Skulls co"},"image":{"@id":"https:\/\/ironskulls.es\/#\/schema\/logo\/image\/"},"sameAs":["https:\/\/www.instagram.com\/ironskullsco\/","https:\/\/www.youtube.com\/@IronSkullsCo","https:\/\/es.linkedin.com\/company\/iron-skulls-co?original_referer=httpswww.google.com"]}]}},"_links":{"self":[{"href":"https:\/\/ironskulls.es\/ca\/wp-json\/wp\/v2\/pages\/4495","targetHints":{"allow":["GET"]}}],"collection":[{"href":"https:\/\/ironskulls.es\/ca\/wp-json\/wp\/v2\/pages"}],"about":[{"href":"https:\/\/ironskulls.es\/ca\/wp-json\/wp\/v2\/types\/page"}],"author":[{"embeddable":true,"href":"https:\/\/ironskulls.es\/ca\/wp-json\/wp\/v2\/users\/1"}],"replies":[{"embeddable":true,"href":"https:\/\/ironskulls.es\/ca\/wp-json\/wp\/v2\/comments?post=4495"}],"version-history":[{"count":6,"href":"https:\/\/ironskulls.es\/ca\/wp-json\/wp\/v2\/pages\/4495\/revisions"}],"predecessor-version":[{"id":4526,"href":"https:\/\/ironskulls.es\/ca\/wp-json\/wp\/v2\/pages\/4495\/revisions\/4526"}],"wp:attachment":[{"href":"https:\/\/ironskulls.es\/ca\/wp-json\/wp\/v2\/media?parent=4495"}],"curies":[{"name":"wp","href":"https:\/\/api.w.org\/{rel}","templated":true}]}}